{"id":2151,"date":"2022-06-23T15:29:14","date_gmt":"2022-06-23T15:29:14","guid":{"rendered":"https:\/\/boyd-cantenac.fr\/privacy-policy\/"},"modified":"2026-04-13T16:00:31","modified_gmt":"2026-04-13T16:00:31","slug":"privacy-policy","status":"publish","type":"page","link":"https:\/\/boyd-cantenac.fr\/en\/privacy-policy\/","title":{"rendered":"Privacy Policy"},"content":{"rendered":"\t\t<div data-elementor-type=\"wp-page\" data-elementor-id=\"2151\" class=\"elementor elementor-2151 elementor-3\" data-elementor-post-type=\"page\">\n\t\t\t\t<section class=\"elementor-element elementor-element-9b4c61f e-flex e-con-boxed e-con e-parent\" data-id=\"9b4c61f\" data-element_type=\"container\" data-e-type=\"container\" data-settings=\"{&quot;background_background&quot;:&quot;classic&quot;}\">\n\t\t\t\t\t<div class=\"e-con-inner\">\n\t\t\t\t<div class=\"elementor-element elementor-element-c975eab cursive elementor-widget elementor-widget-heading\" data-id=\"c975eab\" data-element_type=\"widget\" data-e-type=\"widget\" data-widget_type=\"heading.default\">\n\t\t\t\t<div class=\"elementor-widget-container\">\n\t\t\t\t\t<h1 class=\"elementor-heading-title elementor-size-default\">Privacy Policy<\/h1>\t\t\t\t<\/div>\n\t\t\t\t<\/div>\n\t\t\t\t<div class=\"elementor-element elementor-element-613bdca elementor-widget__width-initial elementor-widget elementor-widget-text-editor\" data-id=\"613bdca\" data-element_type=\"widget\" data-e-type=\"widget\" data-widget_type=\"text-editor.default\">\n\t\t\t\t<div class=\"elementor-widget-container\">\n\t\t\t\t\t\t\t\t\t<p>Use and transmission of your personal data and data protection<\/p><p>We place the highest importance on compliance with regulations aimed at protecting consumers.<\/p>\t\t\t\t\t\t\t\t<\/div>\n\t\t\t\t<\/div>\n\t\t\t\t<div class=\"elementor-element elementor-element-375033d cursive elementor-widget elementor-widget-heading\" data-id=\"375033d\" data-element_type=\"widget\" data-e-type=\"widget\" data-widget_type=\"heading.default\">\n\t\t\t\t<div class=\"elementor-widget-container\">\n\t\t\t\t\t<h2 class=\"elementor-heading-title elementor-size-default\">Personal Data<\/h2>\t\t\t\t<\/div>\n\t\t\t\t<\/div>\n\t\t\t\t<div class=\"elementor-element elementor-element-d56a667 elementor-widget__width-initial elementor-widget elementor-widget-text-editor\" data-id=\"d56a667\" data-element_type=\"widget\" data-e-type=\"widget\" data-widget_type=\"text-editor.default\">\n\t\t\t\t<div class=\"elementor-widget-container\">\n\t\t\t\t\t\t\t\t\t<p>Personal information used to process booking requests for visits or contact forms is strictly confidential and will not be shared with external service providers. This data is also used to generate statistics and to carry out promotional and\/or prospecting activities.<br>In accordance with the French Data Protection Act of January 6, 1978, as amended by Law No. 2004-801 of August 6, 2004, users have the right to access, object to, delete, and rectify their personal information. These rights may be exercised by contacting the administrative department.  <\/p><p><strong>SCEA CH. BOYD CANTENAC &amp; POUGET<\/strong>, an agricultural civil company, registered under SIREN 342 263 662 with the Bordeaux Trade and Companies Register, VAT number FR20342263662, with its registered office at 11 route de Jean Faure, 33460 Margaux-Cantenac \u2013 France.<\/p><p>Tel: +33 (0)5 57 88 90 82<br>Email: administration@boyd-cantenac.fr<\/p>\t\t\t\t\t\t\t\t<\/div>\n\t\t\t\t<\/div>\n\t\t\t\t<div class=\"elementor-element elementor-element-ad46677 cursive elementor-widget elementor-widget-heading\" data-id=\"ad46677\" data-element_type=\"widget\" data-e-type=\"widget\" data-widget_type=\"heading.default\">\n\t\t\t\t<div class=\"elementor-widget-container\">\n\t\t\t\t\t<h2 class=\"elementor-heading-title elementor-size-default\">Cookies<\/h2>\t\t\t\t<\/div>\n\t\t\t\t<\/div>\n\t\t\t\t<div class=\"elementor-element elementor-element-42d3aca elementor-widget__width-initial elementor-widget elementor-widget-text-editor\" data-id=\"42d3aca\" data-element_type=\"widget\" data-e-type=\"widget\" data-widget_type=\"text-editor.default\">\n\t\t\t\t<div class=\"elementor-widget-container\">\n\t\t\t\t\t\t\t\t\t<p>The Customer is informed that SCEA CH. BOYD CANTENAC &amp; POUGET automatically collects information about users through cookies that track browsing activity on the website.<br>Cookies are alphanumeric identifiers transferred to the Customer\u2019s computer hard drive via their internet browser, allowing SCEA CH. BOYD CANTENAC &amp; POUGET to recognize the browser and provide more innovative and engaging features.<br>The Customer may refuse cookies by configuring their computer as described on the website: www.cnil.fr.    <\/p><p>Most browsers automatically accept cookies unless settings have been modified. By continuing to browse the <b>CHATEAU BOYD CANTENAC<\/b> website, you agree to the installation of cookies in accordance with our Cookie Policy.<br> <\/p><p>The SCEA CH. <b>BOYD CANTENAC &amp; POUGET<\/b> website contains hyperlinks to other websites, set up with authorization from CHATEAU BOYD CANTENAC. However, the company has no control over the content of these external sites and accepts no responsibility for them.<br>   <\/p><p>Refusing cookies may result in the inability to access certain services.<\/p><p><b>We use the following cookies:<\/b><\/p><p><b>Google analytics :<\/b> This cookie is required for Google Analytics, a web analytics service provided by Google. It measures visitor activity, such as the number of users and site usage on <b>www.boyd-cantenac.fr<\/b>. This information is used to improve website performance. Stored data is anonymous and contains no personal details.  <\/p><p><b>Google Tag manager :<\/b> This cookie is used to manage tags (such as JavaScript tracking and marketing optimization tags) on the site, and to add or update AdWords, Google Analytics, Floodlight, and non-Google tags.<\/p><p>Data related to <b>www.boyd-cantenac.fr<\/b> is transmitted to Google and stored under Google\u2019s responsibility.<\/p><p>If you do not wish cookies to be installed on your device, you may disable them in your browser settings.<\/p><p>Instructions for disabling cookies can be found for the following browsers:<\/p><p>Chrome :<\/p><p>https:\/\/support.google.com\/chrome\/answer\/95647?hl=fr&ref_topic=14666<\/p><p>Internet Explorer:<\/p><p>https:\/\/support.microsoft.com\/fr-fr\/help\/17442\/windows-internet-explorer-delete-manage-cookies<\/p><p>Firefox :<\/p><p>https:\/\/support.mozilla.org\/fr\/kb\/protection-renforcee-contre-pistage-firefox-ordinateur<\/p><p>Safari :<\/p><p>https:\/\/support.apple.com\/fr-fr\/HT201265<\/p><p>Opera :<\/p><p>https:\/\/help.opera.com\/en\/latest\/web-preferences\/<\/p><p>For other browsers, please consult the help or support section.<br><\/p>\t\t\t\t\t\t\t\t<\/div>\n\t\t\t\t<\/div>\n\t\t\t\t<div class=\"elementor-element elementor-element-e459f98 cursive elementor-widget elementor-widget-heading\" data-id=\"e459f98\" data-element_type=\"widget\" data-e-type=\"widget\" data-widget_type=\"heading.default\">\n\t\t\t\t<div class=\"elementor-widget-container\">\n\t\t\t\t\t<h2 class=\"elementor-heading-title elementor-size-default\">Data Retention Periods<\/h2>\t\t\t\t<\/div>\n\t\t\t\t<\/div>\n\t\t\t\t<div class=\"elementor-element elementor-element-01bc28e elementor-widget__width-initial elementor-widget elementor-widget-text-editor\" data-id=\"01bc28e\" data-element_type=\"widget\" data-e-type=\"widget\" data-widget_type=\"text-editor.default\">\n\t\t\t\t<div class=\"elementor-widget-container\">\n\t\t\t\t\t\t\t\t\t<p>Data collected via contact or booking forms may be retained for up to 5 years after receipt if it remains of potential interest over the long term.<\/p><p>Data collected through newsletter subscription is retained until you withdraw your consent. Each newsletter includes an unsubscribe link for this purpose. <\/p>\t\t\t\t\t\t\t\t<\/div>\n\t\t\t\t<\/div>\n\t\t\t\t<div class=\"elementor-element elementor-element-88baaca cursive elementor-widget elementor-widget-heading\" data-id=\"88baaca\" data-element_type=\"widget\" data-e-type=\"widget\" data-widget_type=\"heading.default\">\n\t\t\t\t<div class=\"elementor-widget-container\">\n\t\t\t\t\t<h2 class=\"elementor-heading-title elementor-size-default\">Who Can Access Your Data?<\/h2>\t\t\t\t<\/div>\n\t\t\t\t<\/div>\n\t\t\t\t<div class=\"elementor-element elementor-element-5fa1ad1 elementor-widget__width-initial elementor-widget elementor-widget-text-editor\" data-id=\"5fa1ad1\" data-element_type=\"widget\" data-e-type=\"widget\" data-widget_type=\"text-editor.default\">\n\t\t\t\t<div class=\"elementor-widget-container\">\n\t\t\t\t\t\t\t\t\t<p>Only authorized personnel necessary for proper processing of your data may access it.<\/p><p>SCEA CH. BOYD CANTENAC &amp; POUGET will never sell your data. Any transfer of data to third parties will only occur with your consent.  <\/p>\t\t\t\t\t\t\t\t<\/div>\n\t\t\t\t<\/div>\n\t\t\t\t<div class=\"elementor-element elementor-element-25ff6c0 cursive elementor-widget elementor-widget-heading\" data-id=\"25ff6c0\" data-element_type=\"widget\" data-e-type=\"widget\" data-widget_type=\"heading.default\">\n\t\t\t\t<div class=\"elementor-widget-container\">\n\t\t\t\t\t<h2 class=\"elementor-heading-title elementor-size-default\">How to Exercise Your Rights?<\/h2>\t\t\t\t<\/div>\n\t\t\t\t<\/div>\n\t\t\t\t<div class=\"elementor-element elementor-element-d37ce0a elementor-widget__width-initial elementor-widget elementor-widget-text-editor\" data-id=\"d37ce0a\" data-element_type=\"widget\" data-e-type=\"widget\" data-widget_type=\"text-editor.default\">\n\t\t\t\t<div class=\"elementor-widget-container\">\n\t\t\t\t\t\t\t\t\t<p>Lorsque vous acceptez de nous transmettre vos donn\u00e9es vous b\u00e9n\u00e9ficiez d\u2019un droit d\u2019acc\u00e8s, de rectification, d\u2019opposition et de suppression au traitement desdites donn\u00e9es.<\/p><p>When you provide your data, you have the right to access, rectify, object to, and delete your data.<br>In accordance with the GDPR, you also have the right to access your personal data, rectify or erase it, restrict its processing, request data portability, and object to its processing.<\/p><p>These rights may be exercised by emailing: administration@boyd-cantenac.fr<br>or by postal mail: SCEA Ch Boyd-Cantenac et Pouget \u2013 11 route de Jean Faure \u2013 33460 Margaux-Cantenac \u2013 France <\/p>\t\t\t\t\t\t\t\t<\/div>\n\t\t\t\t<\/div>\n\t\t\t\t<div class=\"elementor-element elementor-element-a7e4ea9 elementor-widget__width-initial elementor-widget elementor-widget-text-editor\" data-id=\"a7e4ea9\" data-element_type=\"widget\" data-e-type=\"widget\" data-widget_type=\"text-editor.default\">\n\t\t\t\t<div class=\"elementor-widget-container\">\n\t\t\t\t\t\t\t\t\t<a href=\"javascript:window.axeptioSDK.openCookies();\">Click here to update your cookie preferences.\t\t\t\t\t\t\t\t<\/div>\n\t\t\t\t<\/div>\n\t\t\t\t\t<\/div>\n\t\t\t\t<\/section>\n\t\t\t\t<\/div>\n\t\t","protected":false},"excerpt":{"rendered":"<p>Privacy Policy Use and transmission of your personal data and data protection We place the highest importance on compliance with regulations aimed at protecting consumers. Personal Data Personal information used to process booking requests for visits or contact forms is strictly confidential and will not be shared with external service providers. This data is also [&hellip;]<\/p>\n","protected":false},"author":1,"featured_media":0,"parent":0,"menu_order":9,"comment_status":"closed","ping_status":"open","template":"","meta":{"footnotes":""},"class_list":["post-2151","page","type-page","status-publish","hentry"],"yoast_head":"<!-- This site is optimized with the Yoast SEO plugin v27.2 - https:\/\/yoast.com\/product\/yoast-seo-wordpress\/ -->\n<title>Privacy Policy - Ch\u00e2teau Boyd-Cantenac<\/title>\n<meta name=\"robots\" content=\"index, follow, max-snippet:-1, max-image-preview:large, max-video-preview:-1\" \/>\n<link rel=\"canonical\" href=\"https:\/\/boyd-cantenac.fr\/en\/privacy-policy\/\" \/>\n<meta property=\"og:locale\" content=\"en_US\" \/>\n<meta property=\"og:type\" content=\"article\" \/>\n<meta property=\"og:title\" content=\"Privacy Policy - Ch\u00e2teau Boyd-Cantenac\" \/>\n<meta property=\"og:description\" content=\"Privacy Policy Use and transmission of your personal data and data protection We place the highest importance on compliance with regulations aimed at protecting consumers. Personal Data Personal information used to process booking requests for visits or contact forms is strictly confidential and will not be shared with external service providers. This data is also [&hellip;]\" \/>\n<meta property=\"og:url\" content=\"https:\/\/boyd-cantenac.fr\/en\/privacy-policy\/\" \/>\n<meta property=\"og:site_name\" content=\"Ch\u00e2teau Boyd-Cantenac\" \/>\n<meta property=\"article:publisher\" content=\"https:\/\/www.facebook.com\/1896995633847996\" \/>\n<meta property=\"article:modified_time\" content=\"2026-04-13T16:00:31+00:00\" \/>\n<meta property=\"og:image\" content=\"https:\/\/boyd-cantenac.fr\/wp-content\/uploads\/fb23312873d15eac2991e5eef663c3e2849e3af3.webp\" \/>\n\t<meta property=\"og:image:width\" content=\"1920\" \/>\n\t<meta property=\"og:image:height\" content=\"1440\" \/>\n\t<meta property=\"og:image:type\" content=\"image\/webp\" \/>\n<meta name=\"twitter:card\" content=\"summary_large_image\" \/>\n<meta name=\"twitter:label1\" content=\"Est. reading time\" \/>\n\t<meta name=\"twitter:data1\" content=\"4 minutes\" \/>\n<script type=\"application\/ld+json\" class=\"yoast-schema-graph\">{\"@context\":\"https:\/\/schema.org\",\"@graph\":[{\"@type\":\"WebPage\",\"@id\":\"https:\/\/boyd-cantenac.fr\/en\/privacy-policy\/\",\"url\":\"https:\/\/boyd-cantenac.fr\/en\/privacy-policy\/\",\"name\":\"Privacy Policy - Ch\u00e2teau Boyd-Cantenac\",\"isPartOf\":{\"@id\":\"https:\/\/boyd-cantenac.fr\/en\/#website\"},\"datePublished\":\"2022-06-23T15:29:14+00:00\",\"dateModified\":\"2026-04-13T16:00:31+00:00\",\"breadcrumb\":{\"@id\":\"https:\/\/boyd-cantenac.fr\/en\/privacy-policy\/#breadcrumb\"},\"inLanguage\":\"en-US\",\"potentialAction\":[{\"@type\":\"ReadAction\",\"target\":[\"https:\/\/boyd-cantenac.fr\/en\/privacy-policy\/\"]}]},{\"@type\":\"BreadcrumbList\",\"@id\":\"https:\/\/boyd-cantenac.fr\/en\/privacy-policy\/#breadcrumb\",\"itemListElement\":[{\"@type\":\"ListItem\",\"position\":1,\"name\":\"Accueil\",\"item\":\"https:\/\/boyd-cantenac.fr\/en\/\"},{\"@type\":\"ListItem\",\"position\":2,\"name\":\"Privacy Policy\"}]},{\"@type\":\"WebSite\",\"@id\":\"https:\/\/boyd-cantenac.fr\/en\/#website\",\"url\":\"https:\/\/boyd-cantenac.fr\/en\/\",\"name\":\"Ch\u00e2teau Boyd-Cantenac\",\"description\":\"Grand Cru class\u00e9 en 1855\",\"publisher\":{\"@id\":\"https:\/\/boyd-cantenac.fr\/en\/#organization\"},\"alternateName\":\"Ch\u00e2teau Boyd-Cantenac\",\"potentialAction\":[{\"@type\":\"SearchAction\",\"target\":{\"@type\":\"EntryPoint\",\"urlTemplate\":\"https:\/\/boyd-cantenac.fr\/en\/?s={search_term_string}\"},\"query-input\":{\"@type\":\"PropertyValueSpecification\",\"valueRequired\":true,\"valueName\":\"search_term_string\"}}],\"inLanguage\":\"en-US\"},{\"@type\":\"Organization\",\"@id\":\"https:\/\/boyd-cantenac.fr\/en\/#organization\",\"name\":\"Ch\u00e2teau Boyd-Cantenac\",\"alternateName\":\"Ch\u00e2teau Boyd-Cantenac\",\"url\":\"https:\/\/boyd-cantenac.fr\/en\/\",\"logo\":{\"@type\":\"ImageObject\",\"inLanguage\":\"en-US\",\"@id\":\"https:\/\/boyd-cantenac.fr\/en\/#\/schema\/logo\/image\/\",\"url\":\"https:\/\/boyd-cantenac.fr\/wp-content\/uploads\/logo_boyd.svg\",\"contentUrl\":\"https:\/\/boyd-cantenac.fr\/wp-content\/uploads\/logo_boyd.svg\",\"width\":645,\"height\":429,\"caption\":\"Ch\u00e2teau Boyd-Cantenac\"},\"image\":{\"@id\":\"https:\/\/boyd-cantenac.fr\/en\/#\/schema\/logo\/image\/\"},\"sameAs\":[\"https:\/\/www.facebook.com\/1896995633847996\"]}]}<\/script>\n<!-- \/ Yoast SEO plugin. -->","yoast_head_json":{"title":"Privacy Policy - Ch\u00e2teau Boyd-Cantenac","robots":{"index":"index","follow":"follow","max-snippet":"max-snippet:-1","max-image-preview":"max-image-preview:large","max-video-preview":"max-video-preview:-1"},"canonical":"https:\/\/boyd-cantenac.fr\/en\/privacy-policy\/","og_locale":"en_US","og_type":"article","og_title":"Privacy Policy - Ch\u00e2teau Boyd-Cantenac","og_description":"Privacy Policy Use and transmission of your personal data and data protection We place the highest importance on compliance with regulations aimed at protecting consumers. Personal Data Personal information used to process booking requests for visits or contact forms is strictly confidential and will not be shared with external service providers. This data is also [&hellip;]","og_url":"https:\/\/boyd-cantenac.fr\/en\/privacy-policy\/","og_site_name":"Ch\u00e2teau Boyd-Cantenac","article_publisher":"https:\/\/www.facebook.com\/1896995633847996","article_modified_time":"2026-04-13T16:00:31+00:00","og_image":[{"width":1920,"height":1440,"url":"https:\/\/boyd-cantenac.fr\/wp-content\/uploads\/fb23312873d15eac2991e5eef663c3e2849e3af3.webp","type":"image\/webp"}],"twitter_card":"summary_large_image","twitter_misc":{"Est. reading time":"4 minutes"},"schema":{"@context":"https:\/\/schema.org","@graph":[{"@type":"WebPage","@id":"https:\/\/boyd-cantenac.fr\/en\/privacy-policy\/","url":"https:\/\/boyd-cantenac.fr\/en\/privacy-policy\/","name":"Privacy Policy - Ch\u00e2teau Boyd-Cantenac","isPartOf":{"@id":"https:\/\/boyd-cantenac.fr\/en\/#website"},"datePublished":"2022-06-23T15:29:14+00:00","dateModified":"2026-04-13T16:00:31+00:00","breadcrumb":{"@id":"https:\/\/boyd-cantenac.fr\/en\/privacy-policy\/#breadcrumb"},"inLanguage":"en-US","potentialAction":[{"@type":"ReadAction","target":["https:\/\/boyd-cantenac.fr\/en\/privacy-policy\/"]}]},{"@type":"BreadcrumbList","@id":"https:\/\/boyd-cantenac.fr\/en\/privacy-policy\/#breadcrumb","itemListElement":[{"@type":"ListItem","position":1,"name":"Accueil","item":"https:\/\/boyd-cantenac.fr\/en\/"},{"@type":"ListItem","position":2,"name":"Privacy Policy"}]},{"@type":"WebSite","@id":"https:\/\/boyd-cantenac.fr\/en\/#website","url":"https:\/\/boyd-cantenac.fr\/en\/","name":"Ch\u00e2teau Boyd-Cantenac","description":"Grand Cru class\u00e9 en 1855","publisher":{"@id":"https:\/\/boyd-cantenac.fr\/en\/#organization"},"alternateName":"Ch\u00e2teau Boyd-Cantenac","potentialAction":[{"@type":"SearchAction","target":{"@type":"EntryPoint","urlTemplate":"https:\/\/boyd-cantenac.fr\/en\/?s={search_term_string}"},"query-input":{"@type":"PropertyValueSpecification","valueRequired":true,"valueName":"search_term_string"}}],"inLanguage":"en-US"},{"@type":"Organization","@id":"https:\/\/boyd-cantenac.fr\/en\/#organization","name":"Ch\u00e2teau Boyd-Cantenac","alternateName":"Ch\u00e2teau Boyd-Cantenac","url":"https:\/\/boyd-cantenac.fr\/en\/","logo":{"@type":"ImageObject","inLanguage":"en-US","@id":"https:\/\/boyd-cantenac.fr\/en\/#\/schema\/logo\/image\/","url":"https:\/\/boyd-cantenac.fr\/wp-content\/uploads\/logo_boyd.svg","contentUrl":"https:\/\/boyd-cantenac.fr\/wp-content\/uploads\/logo_boyd.svg","width":645,"height":429,"caption":"Ch\u00e2teau Boyd-Cantenac"},"image":{"@id":"https:\/\/boyd-cantenac.fr\/en\/#\/schema\/logo\/image\/"},"sameAs":["https:\/\/www.facebook.com\/1896995633847996"]}]}},"_links":{"self":[{"href":"https:\/\/boyd-cantenac.fr\/en\/wp-json\/wp\/v2\/pages\/2151","targetHints":{"allow":["GET"]}}],"collection":[{"href":"https:\/\/boyd-cantenac.fr\/en\/wp-json\/wp\/v2\/pages"}],"about":[{"href":"https:\/\/boyd-cantenac.fr\/en\/wp-json\/wp\/v2\/types\/page"}],"author":[{"embeddable":true,"href":"https:\/\/boyd-cantenac.fr\/en\/wp-json\/wp\/v2\/users\/1"}],"replies":[{"embeddable":true,"href":"https:\/\/boyd-cantenac.fr\/en\/wp-json\/wp\/v2\/comments?post=2151"}],"version-history":[{"count":2,"href":"https:\/\/boyd-cantenac.fr\/en\/wp-json\/wp\/v2\/pages\/2151\/revisions"}],"predecessor-version":[{"id":2153,"href":"https:\/\/boyd-cantenac.fr\/en\/wp-json\/wp\/v2\/pages\/2151\/revisions\/2153"}],"wp:attachment":[{"href":"https:\/\/boyd-cantenac.fr\/en\/wp-json\/wp\/v2\/media?parent=2151"}],"curies":[{"name":"wp","href":"https:\/\/api.w.org\/{rel}","templated":true}]}}